{"id":154,"date":"2024-01-11T17:33:45","date_gmt":"2024-01-11T16:33:45","guid":{"rendered":"https:\/\/museedupegue.com\/?page_id=154"},"modified":"2026-03-30T12:54:40","modified_gmt":"2026-03-30T10:54:40","slug":"parcours-photographique-tourasse","status":"publish","type":"page","link":"https:\/\/museedupegue.com\/index.php\/parcours-photographique-tourasse\/","title":{"rendered":"Parcours photographique Tourasse"},"content":{"rendered":"\t\t<div data-elementor-type=\"wp-page\" data-elementor-id=\"154\" class=\"elementor elementor-154\">\n\t\t\t\t\t\t<section class=\"elementor-section elementor-top-section elementor-element elementor-element-9e0396d elementor-section-stretched elementor-section-boxed elementor-section-height-default elementor-section-height-default\" data-id=\"9e0396d\" data-element_type=\"section\" data-e-type=\"section\" data-settings=\"{&quot;stretch_section&quot;:&quot;section-stretched&quot;}\">\n\t\t\t\t\t\t<div class=\"elementor-container elementor-column-gap-default\">\n\t\t\t\t\t<div class=\"elementor-column elementor-col-100 elementor-top-column elementor-element elementor-element-ee95109\" data-id=\"ee95109\" data-element_type=\"column\" data-e-type=\"column\">\n\t\t\t<div class=\"elementor-widget-wrap elementor-element-populated\">\n\t\t\t\t\t\t<div class=\"elementor-element elementor-element-e31c4cb elementor-widget elementor-widget-text-editor\" data-id=\"e31c4cb\" data-element_type=\"widget\" data-e-type=\"widget\" data-widget_type=\"text-editor.default\">\n\t\t\t\t<div class=\"elementor-widget-container\">\n\t\t\t\t\t\t\t\t\t<p>Un <b>parcours<\/b> photographique fl\u00e9ch\u00e9 a \u00e9t\u00e9 r\u00e9alis\u00e9 dans la commune du P\u00e8gue \u00e0 partir des photos prises vers <b>1900<\/b> par le\u00a0<a href=\"https:\/\/www.grignanvalreas-tourisme.com\/2021\/02\/11\/l-abbe-tourasse\/\" target=\"_blank\" rel=\"noopener\">cur\u00e9 Tourasse<\/a>. Ces photos prises sur le vif captent <b>la vie quotidienne du village<\/b>.<\/p><p>Ce parcours d\u00e9bute en face de la mairie et propose <b>26<\/b> photos comment\u00e9es install\u00e9es sur <b>14<\/b> plaques. Il conduit dans les rues du village en passant par le rempart m\u00e9di\u00e9val et ses tours pour monter jusqu\u2019\u00e0 l\u2019\u00e9glise et au ch\u00e2teau.<\/p><p>Il offre diff\u00e9rents <b>points de vue<\/b> sur le village, la montagne de la Lance et la plaine.<\/p><p>Le parcours peut se prolonger par la visite de la chapelle romane Sainte Anne au centre du\u00a0<span style=\"background-color: var(--wp--preset--color--background); font-size: var(--wp--preset--font-size--normal);\">cimeti\u00e8re o\u00f9 se trouve la tombe du cur\u00e9 Tourasse.<\/span><\/p><p><span style=\"background-color: var(--wp--preset--color--background); font-size: var(--wp--preset--font-size--normal);\">Retrouvez les produits d\u00e9riv\u00e9s \u00e0 la boutique du Mus\u00e9e Arch\u00e9ologique du P\u00e8gue (reproduction des photos encadr\u00e9es&#8230;).<\/span><\/p>\t\t\t\t\t\t\t\t<\/div>\n\t\t\t\t<\/div>\n\t\t\t\t\t<\/div>\n\t\t<\/div>\n\t\t\t\t\t<\/div>\n\t\t<\/section>\n\t\t\t\t<section class=\"elementor-section elementor-top-section elementor-element elementor-element-03825ee elementor-section-stretched elementor-section-boxed elementor-section-height-default elementor-section-height-default\" data-id=\"03825ee\" data-element_type=\"section\" data-e-type=\"section\" data-settings=\"{&quot;stretch_section&quot;:&quot;section-stretched&quot;}\">\n\t\t\t\t\t\t<div class=\"elementor-container elementor-column-gap-default\">\n\t\t\t\t\t<div class=\"elementor-column elementor-col-50 elementor-top-column elementor-element elementor-element-573d947\" data-id=\"573d947\" data-element_type=\"column\" data-e-type=\"column\">\n\t\t\t<div class=\"elementor-widget-wrap elementor-element-populated\">\n\t\t\t\t\t\t<div class=\"elementor-element elementor-element-31e7467 elementor-widget elementor-widget-image\" data-id=\"31e7467\" data-element_type=\"widget\" data-e-type=\"widget\" data-widget_type=\"image.default\">\n\t\t\t\t<div class=\"elementor-widget-container\">\n\t\t\t\t\t\t\t\t\t\t\t\t\t\t\t<img fetchpriority=\"high\" decoding=\"async\" width=\"1152\" height=\"1536\" src=\"https:\/\/museedupegue.com\/wp-content\/uploads\/2024\/01\/IMG_2618-1152x1536.jpg\" class=\"attachment-1536x1536 size-1536x1536 wp-image-171\" alt=\"\" srcset=\"https:\/\/museedupegue.com\/wp-content\/uploads\/2024\/01\/IMG_2618-1152x1536.jpg 1152w, https:\/\/museedupegue.com\/wp-content\/uploads\/2024\/01\/IMG_2618-225x300.jpg 225w, https:\/\/museedupegue.com\/wp-content\/uploads\/2024\/01\/IMG_2618-768x1024.jpg 768w, https:\/\/museedupegue.com\/wp-content\/uploads\/2024\/01\/IMG_2618-1536x2048.jpg 1536w, https:\/\/museedupegue.com\/wp-content\/uploads\/2024\/01\/IMG_2618-scaled.jpg 1920w\" sizes=\"(max-width: 1152px) 100vw, 1152px\" \/>\t\t\t\t\t\t\t\t\t\t\t\t\t\t\t<\/div>\n\t\t\t\t<\/div>\n\t\t\t\t\t<\/div>\n\t\t<\/div>\n\t\t\t\t<div class=\"elementor-column elementor-col-50 elementor-top-column elementor-element elementor-element-49febdb\" data-id=\"49febdb\" data-element_type=\"column\" data-e-type=\"column\">\n\t\t\t<div class=\"elementor-widget-wrap elementor-element-populated\">\n\t\t\t\t\t\t<div class=\"elementor-element elementor-element-de01a01 elementor-widget elementor-widget-image\" data-id=\"de01a01\" data-element_type=\"widget\" data-e-type=\"widget\" data-widget_type=\"image.default\">\n\t\t\t\t<div class=\"elementor-widget-container\">\n\t\t\t\t\t\t\t\t\t\t\t\t\t\t\t<img decoding=\"async\" width=\"1152\" height=\"1536\" src=\"https:\/\/museedupegue.com\/wp-content\/uploads\/2024\/01\/IMG_2613-1152x1536.jpg\" class=\"attachment-1536x1536 size-1536x1536 wp-image-170\" alt=\"\" srcset=\"https:\/\/museedupegue.com\/wp-content\/uploads\/2024\/01\/IMG_2613-1152x1536.jpg 1152w, https:\/\/museedupegue.com\/wp-content\/uploads\/2024\/01\/IMG_2613-225x300.jpg 225w, https:\/\/museedupegue.com\/wp-content\/uploads\/2024\/01\/IMG_2613-768x1024.jpg 768w, https:\/\/museedupegue.com\/wp-content\/uploads\/2024\/01\/IMG_2613-1536x2048.jpg 1536w, https:\/\/museedupegue.com\/wp-content\/uploads\/2024\/01\/IMG_2613-scaled.jpg 1920w\" sizes=\"(max-width: 1152px) 100vw, 1152px\" \/>\t\t\t\t\t\t\t\t\t\t\t\t\t\t\t<\/div>\n\t\t\t\t<\/div>\n\t\t\t\t\t<\/div>\n\t\t<\/div>\n\t\t\t\t\t<\/div>\n\t\t<\/section>\n\t\t\t\t<section class=\"elementor-section elementor-top-section elementor-element elementor-element-420c851 elementor-section-stretched elementor-section-boxed elementor-section-height-default elementor-section-height-default\" data-id=\"420c851\" data-element_type=\"section\" data-e-type=\"section\" data-settings=\"{&quot;stretch_section&quot;:&quot;section-stretched&quot;}\">\n\t\t\t\t\t\t<div class=\"elementor-container elementor-column-gap-default\">\n\t\t\t\t\t<div class=\"elementor-column elementor-col-100 elementor-top-column elementor-element elementor-element-71d8ff5\" data-id=\"71d8ff5\" data-element_type=\"column\" data-e-type=\"column\">\n\t\t\t<div class=\"elementor-widget-wrap elementor-element-populated\">\n\t\t\t\t\t\t<div class=\"elementor-element elementor-element-4b270aa elementor-widget elementor-widget-image\" data-id=\"4b270aa\" data-element_type=\"widget\" data-e-type=\"widget\" data-widget_type=\"image.default\">\n\t\t\t\t<div class=\"elementor-widget-container\">\n\t\t\t\t\t\t\t\t\t\t\t\t\t\t\t<img decoding=\"async\" width=\"1770\" height=\"1416\" src=\"https:\/\/museedupegue.com\/wp-content\/uploads\/2024\/01\/Capture-decran-2024-01-11-a-17.46.22.png\" class=\"attachment-2048x2048 size-2048x2048 wp-image-165\" alt=\"Plan du parcours photographique du P\u00e8gue\" srcset=\"https:\/\/museedupegue.com\/wp-content\/uploads\/2024\/01\/Capture-decran-2024-01-11-a-17.46.22.png 1770w, https:\/\/museedupegue.com\/wp-content\/uploads\/2024\/01\/Capture-decran-2024-01-11-a-17.46.22-300x240.png 300w, https:\/\/museedupegue.com\/wp-content\/uploads\/2024\/01\/Capture-decran-2024-01-11-a-17.46.22-1024x819.png 1024w, https:\/\/museedupegue.com\/wp-content\/uploads\/2024\/01\/Capture-decran-2024-01-11-a-17.46.22-768x614.png 768w, https:\/\/museedupegue.com\/wp-content\/uploads\/2024\/01\/Capture-decran-2024-01-11-a-17.46.22-1536x1229.png 1536w\" sizes=\"(max-width: 1770px) 100vw, 1770px\" \/>\t\t\t\t\t\t\t\t\t\t\t\t\t\t\t<\/div>\n\t\t\t\t<\/div>\n\t\t\t\t\t<\/div>\n\t\t<\/div>\n\t\t\t\t\t<\/div>\n\t\t<\/section>\n\t\t\t\t<\/div>\n\t\t","protected":false},"excerpt":{"rendered":"<p>Un parcours photographique fl\u00e9ch\u00e9 a \u00e9t\u00e9 r\u00e9alis\u00e9 dans la commune du P\u00e8gue \u00e0 partir des photos prises vers 1900 par le\u00a0cur\u00e9 Tourasse. Ces photos prises sur le vif captent la vie quotidienne du village. Ce parcours d\u00e9bute en face de la mairie et propose 26 photos comment\u00e9es install\u00e9es sur 14 plaques. Il conduit dans les [&hellip;]<\/p>\n","protected":false},"author":1,"featured_media":0,"parent":0,"menu_order":5,"comment_status":"closed","ping_status":"closed","template":"","meta":{"_monsterinsights_skip_tracking":false,"_monsterinsights_sitenote_active":false,"_monsterinsights_sitenote_note":"","_monsterinsights_sitenote_category":0,"footnotes":""},"class_list":["post-154","page","type-page","status-publish","hentry"],"yoast_head":"<!-- This site is optimized with the Yoast SEO plugin v27.5 - https:\/\/yoast.com\/product\/yoast-seo-wordpress\/ -->\n<title>Parcours photographique Tourasse - Mus\u00e9e Arch\u00e9ologique du P\u00e8gue<\/title>\n<meta name=\"robots\" content=\"index, follow, max-snippet:-1, max-image-preview:large, max-video-preview:-1\" \/>\n<link rel=\"canonical\" href=\"https:\/\/museedupegue.com\/index.php\/parcours-photographique-tourasse\/\" \/>\n<meta property=\"og:locale\" content=\"fr_FR\" \/>\n<meta property=\"og:type\" content=\"article\" \/>\n<meta property=\"og:title\" content=\"Parcours photographique Tourasse - Mus\u00e9e Arch\u00e9ologique du P\u00e8gue\" \/>\n<meta property=\"og:description\" content=\"Un parcours photographique fl\u00e9ch\u00e9 a \u00e9t\u00e9 r\u00e9alis\u00e9 dans la commune du P\u00e8gue \u00e0 partir des photos prises vers 1900 par le\u00a0cur\u00e9 Tourasse. Ces photos prises sur le vif captent la vie quotidienne du village. Ce parcours d\u00e9bute en face de la mairie et propose 26 photos comment\u00e9es install\u00e9es sur 14 plaques. Il conduit dans les [&hellip;]\" \/>\n<meta property=\"og:url\" content=\"https:\/\/museedupegue.com\/index.php\/parcours-photographique-tourasse\/\" \/>\n<meta property=\"og:site_name\" content=\"Mus\u00e9e Arch\u00e9ologique du P\u00e8gue\" \/>\n<meta property=\"article:publisher\" content=\"https:\/\/www.facebook.com\/MuseeArcheologiqueLePegue\" \/>\n<meta property=\"article:modified_time\" content=\"2026-03-30T10:54:40+00:00\" \/>\n<meta property=\"og:image\" content=\"https:\/\/museedupegue.com\/wp-content\/uploads\/2024\/01\/IMG_2618-scaled.jpg\" \/>\n\t<meta property=\"og:image:width\" content=\"1920\" \/>\n\t<meta property=\"og:image:height\" content=\"2560\" \/>\n\t<meta property=\"og:image:type\" content=\"image\/jpeg\" \/>\n<meta name=\"twitter:card\" content=\"summary_large_image\" \/>\n<meta name=\"twitter:label1\" content=\"Dur\u00e9e de lecture estim\u00e9e\" \/>\n\t<meta name=\"twitter:data1\" content=\"2 minutes\" \/>\n<script type=\"application\/ld+json\" class=\"yoast-schema-graph\">{\"@context\":\"https:\\\/\\\/schema.org\",\"@graph\":[{\"@type\":\"WebPage\",\"@id\":\"https:\\\/\\\/museedupegue.com\\\/index.php\\\/parcours-photographique-tourasse\\\/\",\"url\":\"https:\\\/\\\/museedupegue.com\\\/index.php\\\/parcours-photographique-tourasse\\\/\",\"name\":\"Parcours photographique Tourasse - Mus\u00e9e Arch\u00e9ologique du P\u00e8gue\",\"isPartOf\":{\"@id\":\"https:\\\/\\\/museedupegue.com\\\/#website\"},\"primaryImageOfPage\":{\"@id\":\"https:\\\/\\\/museedupegue.com\\\/index.php\\\/parcours-photographique-tourasse\\\/#primaryimage\"},\"image\":{\"@id\":\"https:\\\/\\\/museedupegue.com\\\/index.php\\\/parcours-photographique-tourasse\\\/#primaryimage\"},\"thumbnailUrl\":\"https:\\\/\\\/museedupegue.com\\\/wp-content\\\/uploads\\\/2024\\\/01\\\/IMG_2618-1152x1536.jpg\",\"datePublished\":\"2024-01-11T16:33:45+00:00\",\"dateModified\":\"2026-03-30T10:54:40+00:00\",\"breadcrumb\":{\"@id\":\"https:\\\/\\\/museedupegue.com\\\/index.php\\\/parcours-photographique-tourasse\\\/#breadcrumb\"},\"inLanguage\":\"fr-FR\",\"potentialAction\":[{\"@type\":\"ReadAction\",\"target\":[\"https:\\\/\\\/museedupegue.com\\\/index.php\\\/parcours-photographique-tourasse\\\/\"]}]},{\"@type\":\"ImageObject\",\"inLanguage\":\"fr-FR\",\"@id\":\"https:\\\/\\\/museedupegue.com\\\/index.php\\\/parcours-photographique-tourasse\\\/#primaryimage\",\"url\":\"https:\\\/\\\/museedupegue.com\\\/wp-content\\\/uploads\\\/2024\\\/01\\\/IMG_2618-scaled.jpg\",\"contentUrl\":\"https:\\\/\\\/museedupegue.com\\\/wp-content\\\/uploads\\\/2024\\\/01\\\/IMG_2618-scaled.jpg\",\"width\":1920,\"height\":2560},{\"@type\":\"BreadcrumbList\",\"@id\":\"https:\\\/\\\/museedupegue.com\\\/index.php\\\/parcours-photographique-tourasse\\\/#breadcrumb\",\"itemListElement\":[{\"@type\":\"ListItem\",\"position\":1,\"name\":\"Accueil\",\"item\":\"https:\\\/\\\/museedupegue.com\\\/\"},{\"@type\":\"ListItem\",\"position\":2,\"name\":\"Parcours photographique Tourasse\"}]},{\"@type\":\"WebSite\",\"@id\":\"https:\\\/\\\/museedupegue.com\\\/#website\",\"url\":\"https:\\\/\\\/museedupegue.com\\\/\",\"name\":\"Mus\u00e9e Arch\u00e9ologique du P\u00e8gue\",\"description\":\"Mus\u00e9e de site unique au monde !\",\"publisher\":{\"@id\":\"https:\\\/\\\/museedupegue.com\\\/#organization\"},\"potentialAction\":[{\"@type\":\"SearchAction\",\"target\":{\"@type\":\"EntryPoint\",\"urlTemplate\":\"https:\\\/\\\/museedupegue.com\\\/?s={search_term_string}\"},\"query-input\":{\"@type\":\"PropertyValueSpecification\",\"valueRequired\":true,\"valueName\":\"search_term_string\"}}],\"inLanguage\":\"fr-FR\"},{\"@type\":\"Organization\",\"@id\":\"https:\\\/\\\/museedupegue.com\\\/#organization\",\"name\":\"Mus\u00e9e Arch\u00e9ologique du P\u00e8gue\",\"url\":\"https:\\\/\\\/museedupegue.com\\\/\",\"logo\":{\"@type\":\"ImageObject\",\"inLanguage\":\"fr-FR\",\"@id\":\"https:\\\/\\\/museedupegue.com\\\/#\\\/schema\\\/logo\\\/image\\\/\",\"url\":\"https:\\\/\\\/museedupegue.com\\\/wp-content\\\/uploads\\\/2022\\\/12\\\/capture-logo-1.png\",\"contentUrl\":\"https:\\\/\\\/museedupegue.com\\\/wp-content\\\/uploads\\\/2022\\\/12\\\/capture-logo-1.png\",\"width\":314,\"height\":311,\"caption\":\"Mus\u00e9e Arch\u00e9ologique du P\u00e8gue\"},\"image\":{\"@id\":\"https:\\\/\\\/museedupegue.com\\\/#\\\/schema\\\/logo\\\/image\\\/\"},\"sameAs\":[\"https:\\\/\\\/www.facebook.com\\\/MuseeArcheologiqueLePegue\",\"https:\\\/\\\/www.instagram.com\\\/museearcheologiquelepegue\\\/\"]}]}<\/script>\n<!-- \/ Yoast SEO plugin. -->","yoast_head_json":{"title":"Parcours photographique Tourasse - Mus\u00e9e Arch\u00e9ologique du P\u00e8gue","robots":{"index":"index","follow":"follow","max-snippet":"max-snippet:-1","max-image-preview":"max-image-preview:large","max-video-preview":"max-video-preview:-1"},"canonical":"https:\/\/museedupegue.com\/index.php\/parcours-photographique-tourasse\/","og_locale":"fr_FR","og_type":"article","og_title":"Parcours photographique Tourasse - Mus\u00e9e Arch\u00e9ologique du P\u00e8gue","og_description":"Un parcours photographique fl\u00e9ch\u00e9 a \u00e9t\u00e9 r\u00e9alis\u00e9 dans la commune du P\u00e8gue \u00e0 partir des photos prises vers 1900 par le\u00a0cur\u00e9 Tourasse. Ces photos prises sur le vif captent la vie quotidienne du village. Ce parcours d\u00e9bute en face de la mairie et propose 26 photos comment\u00e9es install\u00e9es sur 14 plaques. Il conduit dans les [&hellip;]","og_url":"https:\/\/museedupegue.com\/index.php\/parcours-photographique-tourasse\/","og_site_name":"Mus\u00e9e Arch\u00e9ologique du P\u00e8gue","article_publisher":"https:\/\/www.facebook.com\/MuseeArcheologiqueLePegue","article_modified_time":"2026-03-30T10:54:40+00:00","og_image":[{"width":1920,"height":2560,"url":"https:\/\/museedupegue.com\/wp-content\/uploads\/2024\/01\/IMG_2618-scaled.jpg","type":"image\/jpeg"}],"twitter_card":"summary_large_image","twitter_misc":{"Dur\u00e9e de lecture estim\u00e9e":"2 minutes"},"schema":{"@context":"https:\/\/schema.org","@graph":[{"@type":"WebPage","@id":"https:\/\/museedupegue.com\/index.php\/parcours-photographique-tourasse\/","url":"https:\/\/museedupegue.com\/index.php\/parcours-photographique-tourasse\/","name":"Parcours photographique Tourasse - Mus\u00e9e Arch\u00e9ologique du P\u00e8gue","isPartOf":{"@id":"https:\/\/museedupegue.com\/#website"},"primaryImageOfPage":{"@id":"https:\/\/museedupegue.com\/index.php\/parcours-photographique-tourasse\/#primaryimage"},"image":{"@id":"https:\/\/museedupegue.com\/index.php\/parcours-photographique-tourasse\/#primaryimage"},"thumbnailUrl":"https:\/\/museedupegue.com\/wp-content\/uploads\/2024\/01\/IMG_2618-1152x1536.jpg","datePublished":"2024-01-11T16:33:45+00:00","dateModified":"2026-03-30T10:54:40+00:00","breadcrumb":{"@id":"https:\/\/museedupegue.com\/index.php\/parcours-photographique-tourasse\/#breadcrumb"},"inLanguage":"fr-FR","potentialAction":[{"@type":"ReadAction","target":["https:\/\/museedupegue.com\/index.php\/parcours-photographique-tourasse\/"]}]},{"@type":"ImageObject","inLanguage":"fr-FR","@id":"https:\/\/museedupegue.com\/index.php\/parcours-photographique-tourasse\/#primaryimage","url":"https:\/\/museedupegue.com\/wp-content\/uploads\/2024\/01\/IMG_2618-scaled.jpg","contentUrl":"https:\/\/museedupegue.com\/wp-content\/uploads\/2024\/01\/IMG_2618-scaled.jpg","width":1920,"height":2560},{"@type":"BreadcrumbList","@id":"https:\/\/museedupegue.com\/index.php\/parcours-photographique-tourasse\/#breadcrumb","itemListElement":[{"@type":"ListItem","position":1,"name":"Accueil","item":"https:\/\/museedupegue.com\/"},{"@type":"ListItem","position":2,"name":"Parcours photographique Tourasse"}]},{"@type":"WebSite","@id":"https:\/\/museedupegue.com\/#website","url":"https:\/\/museedupegue.com\/","name":"Mus\u00e9e Arch\u00e9ologique du P\u00e8gue","description":"Mus\u00e9e de site unique au monde !","publisher":{"@id":"https:\/\/museedupegue.com\/#organization"},"potentialAction":[{"@type":"SearchAction","target":{"@type":"EntryPoint","urlTemplate":"https:\/\/museedupegue.com\/?s={search_term_string}"},"query-input":{"@type":"PropertyValueSpecification","valueRequired":true,"valueName":"search_term_string"}}],"inLanguage":"fr-FR"},{"@type":"Organization","@id":"https:\/\/museedupegue.com\/#organization","name":"Mus\u00e9e Arch\u00e9ologique du P\u00e8gue","url":"https:\/\/museedupegue.com\/","logo":{"@type":"ImageObject","inLanguage":"fr-FR","@id":"https:\/\/museedupegue.com\/#\/schema\/logo\/image\/","url":"https:\/\/museedupegue.com\/wp-content\/uploads\/2022\/12\/capture-logo-1.png","contentUrl":"https:\/\/museedupegue.com\/wp-content\/uploads\/2022\/12\/capture-logo-1.png","width":314,"height":311,"caption":"Mus\u00e9e Arch\u00e9ologique du P\u00e8gue"},"image":{"@id":"https:\/\/museedupegue.com\/#\/schema\/logo\/image\/"},"sameAs":["https:\/\/www.facebook.com\/MuseeArcheologiqueLePegue","https:\/\/www.instagram.com\/museearcheologiquelepegue\/"]}]}},"_links":{"self":[{"href":"https:\/\/museedupegue.com\/index.php\/wp-json\/wp\/v2\/pages\/154","targetHints":{"allow":["GET"]}}],"collection":[{"href":"https:\/\/museedupegue.com\/index.php\/wp-json\/wp\/v2\/pages"}],"about":[{"href":"https:\/\/museedupegue.com\/index.php\/wp-json\/wp\/v2\/types\/page"}],"author":[{"embeddable":true,"href":"https:\/\/museedupegue.com\/index.php\/wp-json\/wp\/v2\/users\/1"}],"replies":[{"embeddable":true,"href":"https:\/\/museedupegue.com\/index.php\/wp-json\/wp\/v2\/comments?post=154"}],"version-history":[{"count":19,"href":"https:\/\/museedupegue.com\/index.php\/wp-json\/wp\/v2\/pages\/154\/revisions"}],"predecessor-version":[{"id":524,"href":"https:\/\/museedupegue.com\/index.php\/wp-json\/wp\/v2\/pages\/154\/revisions\/524"}],"wp:attachment":[{"href":"https:\/\/museedupegue.com\/index.php\/wp-json\/wp\/v2\/media?parent=154"}],"curies":[{"name":"wp","href":"https:\/\/api.w.org\/{rel}","templated":true}]}}