{"id":2,"date":"2022-12-11T09:49:38","date_gmt":"2022-12-11T08:49:38","guid":{"rendered":"http:\/\/museedupegue.com\/?page_id=2"},"modified":"2025-01-27T13:38:16","modified_gmt":"2025-01-27T12:38:16","slug":"page-d-exemple","status":"publish","type":"page","link":"https:\/\/museedupegue.com\/index.php\/page-d-exemple\/","title":{"rendered":"<strong>Accueil<\/strong>"},"content":{"rendered":"\t\t<div data-elementor-type=\"wp-page\" data-elementor-id=\"2\" class=\"elementor elementor-2\">\n\t\t\t\t\t\t<section class=\"elementor-section elementor-top-section elementor-element elementor-element-2a7a4652 elementor-section-content-middle elementor-section-boxed elementor-section-height-default elementor-section-height-default\" data-id=\"2a7a4652\" data-element_type=\"section\" data-e-type=\"section\">\n\t\t\t\t\t\t<div class=\"elementor-container elementor-column-gap-no\">\n\t\t\t\t\t<div class=\"elementor-column elementor-col-33 elementor-top-column elementor-element elementor-element-2143217b\" data-id=\"2143217b\" data-element_type=\"column\" data-e-type=\"column\">\n\t\t\t<div class=\"elementor-widget-wrap elementor-element-populated\">\n\t\t\t\t\t\t<div class=\"elementor-element elementor-element-4540fef4 elementor-widget__width-initial elementor-widget elementor-widget-heading\" data-id=\"4540fef4\" data-element_type=\"widget\" data-e-type=\"widget\" data-widget_type=\"heading.default\">\n\t\t\t\t<div class=\"elementor-widget-container\">\n\t\t\t\t\t<h3 class=\"elementor-heading-title elementor-size-default\"><p style=\"line-height: 1\">M<span style=\"font-family: var( --e-global-typography-primary-font-family ), Sans-serif;background-color: var(--wp--preset--color--background)\">us\u00e9e de site d'exception<\/span><span style=\"font-family: var( --e-global-typography-primary-font-family ), Sans-serif;background-color: var(--wp--preset--color--background)\"><\/span><\/p><\/h3>\t\t\t\t<\/div>\n\t\t\t\t<\/div>\n\t\t\t\t<div class=\"elementor-element elementor-element-20b38848 elementor-widget elementor-widget-image\" data-id=\"20b38848\" data-element_type=\"widget\" data-e-type=\"widget\" data-widget_type=\"image.default\">\n\t\t\t\t<div class=\"elementor-widget-container\">\n\t\t\t\t\t\t\t\t\t\t\t\t\t\t\t<img fetchpriority=\"high\" decoding=\"async\" width=\"1700\" height=\"2560\" src=\"https:\/\/museedupegue.com\/wp-content\/uploads\/2024\/01\/Saint-Marcel-Entree-scaled.jpg\" class=\"elementor-animation-grow attachment-full size-full wp-image-183\" alt=\"\" srcset=\"https:\/\/museedupegue.com\/wp-content\/uploads\/2024\/01\/Saint-Marcel-Entree-scaled.jpg 1700w, https:\/\/museedupegue.com\/wp-content\/uploads\/2024\/01\/Saint-Marcel-Entree-199x300.jpg 199w, https:\/\/museedupegue.com\/wp-content\/uploads\/2024\/01\/Saint-Marcel-Entree-680x1024.jpg 680w, https:\/\/museedupegue.com\/wp-content\/uploads\/2024\/01\/Saint-Marcel-Entree-768x1156.jpg 768w, https:\/\/museedupegue.com\/wp-content\/uploads\/2024\/01\/Saint-Marcel-Entree-1020x1536.jpg 1020w, https:\/\/museedupegue.com\/wp-content\/uploads\/2024\/01\/Saint-Marcel-Entree-1360x2048.jpg 1360w\" sizes=\"(max-width: 1700px) 100vw, 1700px\" \/>\t\t\t\t\t\t\t\t\t\t\t\t\t\t\t<\/div>\n\t\t\t\t<\/div>\n\t\t\t\t\t<\/div>\n\t\t<\/div>\n\t\t\t\t<div class=\"elementor-column elementor-col-33 elementor-top-column elementor-element elementor-element-2fbc3a6f\" data-id=\"2fbc3a6f\" data-element_type=\"column\" data-e-type=\"column\">\n\t\t\t<div class=\"elementor-widget-wrap elementor-element-populated\">\n\t\t\t\t\t\t<div class=\"elementor-element elementor-element-caf0448 elementor-widget elementor-widget-image\" data-id=\"caf0448\" data-element_type=\"widget\" data-e-type=\"widget\" data-widget_type=\"image.default\">\n\t\t\t\t<div class=\"elementor-widget-container\">\n\t\t\t\t\t\t\t\t\t\t\t\t\t\t\t<img decoding=\"async\" width=\"1835\" height=\"2560\" src=\"https:\/\/museedupegue.com\/wp-content\/uploads\/2024\/02\/Lavande-scaled.jpg\" class=\"elementor-animation-grow attachment-full size-full wp-image-215\" alt=\"\" srcset=\"https:\/\/museedupegue.com\/wp-content\/uploads\/2024\/02\/Lavande-scaled.jpg 1835w, https:\/\/museedupegue.com\/wp-content\/uploads\/2024\/02\/Lavande-215x300.jpg 215w, https:\/\/museedupegue.com\/wp-content\/uploads\/2024\/02\/Lavande-734x1024.jpg 734w, https:\/\/museedupegue.com\/wp-content\/uploads\/2024\/02\/Lavande-768x1071.jpg 768w, https:\/\/museedupegue.com\/wp-content\/uploads\/2024\/02\/Lavande-1101x1536.jpg 1101w, https:\/\/museedupegue.com\/wp-content\/uploads\/2024\/02\/Lavande-1468x2048.jpg 1468w\" sizes=\"(max-width: 1835px) 100vw, 1835px\" \/>\t\t\t\t\t\t\t\t\t\t\t\t\t\t\t<\/div>\n\t\t\t\t<\/div>\n\t\t\t\t<div class=\"elementor-element elementor-element-708e59af elementor-widget elementor-widget-text-editor\" data-id=\"708e59af\" data-element_type=\"widget\" data-e-type=\"widget\" data-widget_type=\"text-editor.default\">\n\t\t\t\t<div class=\"elementor-widget-container\">\n\t\t\t\t\t\t\t\t\t<p>Site majeur de l\u2019\u00e2ge du Fer, il t\u00e9moigne des premiers \u00e9changes des Celtes et des Grecs.<\/p>\t\t\t\t\t\t\t\t<\/div>\n\t\t\t\t<\/div>\n\t\t\t\t\t<\/div>\n\t\t<\/div>\n\t\t\t\t<div class=\"elementor-column elementor-col-33 elementor-top-column elementor-element elementor-element-270a2f44\" data-id=\"270a2f44\" data-element_type=\"column\" data-e-type=\"column\">\n\t\t\t<div class=\"elementor-widget-wrap elementor-element-populated\">\n\t\t\t\t\t\t<div class=\"elementor-element elementor-element-5c4ead02 elementor-widget elementor-widget-image\" data-id=\"5c4ead02\" data-element_type=\"widget\" data-e-type=\"widget\" data-widget_type=\"image.default\">\n\t\t\t\t<div class=\"elementor-widget-container\">\n\t\t\t\t\t\t\t\t\t\t\t\t\t\t\t<img decoding=\"async\" width=\"540\" height=\"819\" src=\"https:\/\/museedupegue.com\/wp-content\/uploads\/2024\/02\/https3A2F2Fd3v4jsc54141g1.cloudfront.net2Fuploads2Fproject_image2Fimage2F4974232FSans_titre-1521304343.jpg.jpg\" class=\"elementor-animation-grow attachment-full size-full wp-image-408\" alt=\"\" srcset=\"https:\/\/museedupegue.com\/wp-content\/uploads\/2024\/02\/https3A2F2Fd3v4jsc54141g1.cloudfront.net2Fuploads2Fproject_image2Fimage2F4974232FSans_titre-1521304343.jpg.jpg 540w, https:\/\/museedupegue.com\/wp-content\/uploads\/2024\/02\/https3A2F2Fd3v4jsc54141g1.cloudfront.net2Fuploads2Fproject_image2Fimage2F4974232FSans_titre-1521304343.jpg-198x300.jpg 198w\" sizes=\"(max-width: 540px) 100vw, 540px\" \/>\t\t\t\t\t\t\t\t\t\t\t\t\t\t\t<\/div>\n\t\t\t\t<\/div>\n\t\t\t\t\t<\/div>\n\t\t<\/div>\n\t\t\t\t\t<\/div>\n\t\t<\/section>\n\t\t\t\t<\/div>\n\t\t","protected":false},"excerpt":{"rendered":"<p>Mus\u00e9e de site d&rsquo;exception Site majeur de l\u2019\u00e2ge du Fer, il t\u00e9moigne des premiers \u00e9changes des Celtes et des Grecs.<\/p>\n","protected":false},"author":1,"featured_media":0,"parent":0,"menu_order":0,"comment_status":"closed","ping_status":"closed","template":"","meta":{"_monsterinsights_skip_tracking":false,"_monsterinsights_sitenote_active":false,"_monsterinsights_sitenote_note":"","_monsterinsights_sitenote_category":0,"footnotes":""},"class_list":["post-2","page","type-page","status-publish","hentry"],"yoast_head":"<!-- This site is optimized with the Yoast SEO plugin v27.3 - https:\/\/yoast.com\/product\/yoast-seo-wordpress\/ -->\n<title>Accueil - Mus\u00e9e Arch\u00e9ologique du P\u00e8gue<\/title>\n<meta name=\"robots\" content=\"index, follow, max-snippet:-1, max-image-preview:large, max-video-preview:-1\" \/>\n<link rel=\"canonical\" href=\"https:\/\/museedupegue.com\/index.php\/page-d-exemple\/\" \/>\n<meta property=\"og:locale\" content=\"fr_FR\" \/>\n<meta property=\"og:type\" content=\"article\" \/>\n<meta property=\"og:title\" content=\"Accueil - Mus\u00e9e Arch\u00e9ologique du P\u00e8gue\" \/>\n<meta property=\"og:description\" content=\"Mus\u00e9e de site d&rsquo;exception Site majeur de l\u2019\u00e2ge du Fer, il t\u00e9moigne des premiers \u00e9changes des Celtes et des Grecs.\" \/>\n<meta property=\"og:url\" content=\"https:\/\/museedupegue.com\/index.php\/page-d-exemple\/\" \/>\n<meta property=\"og:site_name\" content=\"Mus\u00e9e Arch\u00e9ologique du P\u00e8gue\" \/>\n<meta property=\"article:publisher\" content=\"https:\/\/www.facebook.com\/MuseeArcheologiqueLePegue\" \/>\n<meta property=\"article:modified_time\" content=\"2025-01-27T12:38:16+00:00\" \/>\n<meta property=\"og:image\" content=\"https:\/\/museedupegue.com\/wp-content\/uploads\/2024\/01\/Saint-Marcel-Entree-scaled.jpg\" \/>\n\t<meta property=\"og:image:width\" content=\"1700\" \/>\n\t<meta property=\"og:image:height\" content=\"2560\" \/>\n\t<meta property=\"og:image:type\" content=\"image\/jpeg\" \/>\n<meta name=\"twitter:card\" content=\"summary_large_image\" \/>\n<meta name=\"twitter:label1\" content=\"Dur\u00e9e de lecture estim\u00e9e\" \/>\n\t<meta name=\"twitter:data1\" content=\"1 minute\" \/>\n<script type=\"application\/ld+json\" class=\"yoast-schema-graph\">{\"@context\":\"https:\\\/\\\/schema.org\",\"@graph\":[{\"@type\":\"WebPage\",\"@id\":\"https:\\\/\\\/museedupegue.com\\\/index.php\\\/page-d-exemple\\\/\",\"url\":\"https:\\\/\\\/museedupegue.com\\\/index.php\\\/page-d-exemple\\\/\",\"name\":\"Accueil - Mus\u00e9e Arch\u00e9ologique du P\u00e8gue\",\"isPartOf\":{\"@id\":\"https:\\\/\\\/museedupegue.com\\\/#website\"},\"primaryImageOfPage\":{\"@id\":\"https:\\\/\\\/museedupegue.com\\\/index.php\\\/page-d-exemple\\\/#primaryimage\"},\"image\":{\"@id\":\"https:\\\/\\\/museedupegue.com\\\/index.php\\\/page-d-exemple\\\/#primaryimage\"},\"thumbnailUrl\":\"https:\\\/\\\/museedupegue.com\\\/wp-content\\\/uploads\\\/2024\\\/01\\\/Saint-Marcel-Entree-scaled.jpg\",\"datePublished\":\"2022-12-11T08:49:38+00:00\",\"dateModified\":\"2025-01-27T12:38:16+00:00\",\"breadcrumb\":{\"@id\":\"https:\\\/\\\/museedupegue.com\\\/index.php\\\/page-d-exemple\\\/#breadcrumb\"},\"inLanguage\":\"fr-FR\",\"potentialAction\":[{\"@type\":\"ReadAction\",\"target\":[\"https:\\\/\\\/museedupegue.com\\\/index.php\\\/page-d-exemple\\\/\"]}]},{\"@type\":\"ImageObject\",\"inLanguage\":\"fr-FR\",\"@id\":\"https:\\\/\\\/museedupegue.com\\\/index.php\\\/page-d-exemple\\\/#primaryimage\",\"url\":\"https:\\\/\\\/museedupegue.com\\\/wp-content\\\/uploads\\\/2024\\\/01\\\/Saint-Marcel-Entree-scaled.jpg\",\"contentUrl\":\"https:\\\/\\\/museedupegue.com\\\/wp-content\\\/uploads\\\/2024\\\/01\\\/Saint-Marcel-Entree-scaled.jpg\",\"width\":1700,\"height\":2560},{\"@type\":\"BreadcrumbList\",\"@id\":\"https:\\\/\\\/museedupegue.com\\\/index.php\\\/page-d-exemple\\\/#breadcrumb\",\"itemListElement\":[{\"@type\":\"ListItem\",\"position\":1,\"name\":\"Accueil\",\"item\":\"https:\\\/\\\/museedupegue.com\\\/\"},{\"@type\":\"ListItem\",\"position\":2,\"name\":\"Accueil\"}]},{\"@type\":\"WebSite\",\"@id\":\"https:\\\/\\\/museedupegue.com\\\/#website\",\"url\":\"https:\\\/\\\/museedupegue.com\\\/\",\"name\":\"Mus\u00e9e Arch\u00e9ologique du P\u00e8gue\",\"description\":\"Mus\u00e9e de site unique au monde !\",\"publisher\":{\"@id\":\"https:\\\/\\\/museedupegue.com\\\/#organization\"},\"potentialAction\":[{\"@type\":\"SearchAction\",\"target\":{\"@type\":\"EntryPoint\",\"urlTemplate\":\"https:\\\/\\\/museedupegue.com\\\/?s={search_term_string}\"},\"query-input\":{\"@type\":\"PropertyValueSpecification\",\"valueRequired\":true,\"valueName\":\"search_term_string\"}}],\"inLanguage\":\"fr-FR\"},{\"@type\":\"Organization\",\"@id\":\"https:\\\/\\\/museedupegue.com\\\/#organization\",\"name\":\"Mus\u00e9e Arch\u00e9ologique du P\u00e8gue\",\"url\":\"https:\\\/\\\/museedupegue.com\\\/\",\"logo\":{\"@type\":\"ImageObject\",\"inLanguage\":\"fr-FR\",\"@id\":\"https:\\\/\\\/museedupegue.com\\\/#\\\/schema\\\/logo\\\/image\\\/\",\"url\":\"https:\\\/\\\/museedupegue.com\\\/wp-content\\\/uploads\\\/2022\\\/12\\\/capture-logo-1.png\",\"contentUrl\":\"https:\\\/\\\/museedupegue.com\\\/wp-content\\\/uploads\\\/2022\\\/12\\\/capture-logo-1.png\",\"width\":314,\"height\":311,\"caption\":\"Mus\u00e9e Arch\u00e9ologique du P\u00e8gue\"},\"image\":{\"@id\":\"https:\\\/\\\/museedupegue.com\\\/#\\\/schema\\\/logo\\\/image\\\/\"},\"sameAs\":[\"https:\\\/\\\/www.facebook.com\\\/MuseeArcheologiqueLePegue\",\"https:\\\/\\\/www.instagram.com\\\/museearcheologiquelepegue\\\/\"]}]}<\/script>\n<!-- \/ Yoast SEO plugin. -->","yoast_head_json":{"title":"Accueil - Mus\u00e9e Arch\u00e9ologique du P\u00e8gue","robots":{"index":"index","follow":"follow","max-snippet":"max-snippet:-1","max-image-preview":"max-image-preview:large","max-video-preview":"max-video-preview:-1"},"canonical":"https:\/\/museedupegue.com\/index.php\/page-d-exemple\/","og_locale":"fr_FR","og_type":"article","og_title":"Accueil - Mus\u00e9e Arch\u00e9ologique du P\u00e8gue","og_description":"Mus\u00e9e de site d&rsquo;exception Site majeur de l\u2019\u00e2ge du Fer, il t\u00e9moigne des premiers \u00e9changes des Celtes et des Grecs.","og_url":"https:\/\/museedupegue.com\/index.php\/page-d-exemple\/","og_site_name":"Mus\u00e9e Arch\u00e9ologique du P\u00e8gue","article_publisher":"https:\/\/www.facebook.com\/MuseeArcheologiqueLePegue","article_modified_time":"2025-01-27T12:38:16+00:00","og_image":[{"width":1700,"height":2560,"url":"https:\/\/museedupegue.com\/wp-content\/uploads\/2024\/01\/Saint-Marcel-Entree-scaled.jpg","type":"image\/jpeg"}],"twitter_card":"summary_large_image","twitter_misc":{"Dur\u00e9e de lecture estim\u00e9e":"1 minute"},"schema":{"@context":"https:\/\/schema.org","@graph":[{"@type":"WebPage","@id":"https:\/\/museedupegue.com\/index.php\/page-d-exemple\/","url":"https:\/\/museedupegue.com\/index.php\/page-d-exemple\/","name":"Accueil - Mus\u00e9e Arch\u00e9ologique du P\u00e8gue","isPartOf":{"@id":"https:\/\/museedupegue.com\/#website"},"primaryImageOfPage":{"@id":"https:\/\/museedupegue.com\/index.php\/page-d-exemple\/#primaryimage"},"image":{"@id":"https:\/\/museedupegue.com\/index.php\/page-d-exemple\/#primaryimage"},"thumbnailUrl":"https:\/\/museedupegue.com\/wp-content\/uploads\/2024\/01\/Saint-Marcel-Entree-scaled.jpg","datePublished":"2022-12-11T08:49:38+00:00","dateModified":"2025-01-27T12:38:16+00:00","breadcrumb":{"@id":"https:\/\/museedupegue.com\/index.php\/page-d-exemple\/#breadcrumb"},"inLanguage":"fr-FR","potentialAction":[{"@type":"ReadAction","target":["https:\/\/museedupegue.com\/index.php\/page-d-exemple\/"]}]},{"@type":"ImageObject","inLanguage":"fr-FR","@id":"https:\/\/museedupegue.com\/index.php\/page-d-exemple\/#primaryimage","url":"https:\/\/museedupegue.com\/wp-content\/uploads\/2024\/01\/Saint-Marcel-Entree-scaled.jpg","contentUrl":"https:\/\/museedupegue.com\/wp-content\/uploads\/2024\/01\/Saint-Marcel-Entree-scaled.jpg","width":1700,"height":2560},{"@type":"BreadcrumbList","@id":"https:\/\/museedupegue.com\/index.php\/page-d-exemple\/#breadcrumb","itemListElement":[{"@type":"ListItem","position":1,"name":"Accueil","item":"https:\/\/museedupegue.com\/"},{"@type":"ListItem","position":2,"name":"Accueil"}]},{"@type":"WebSite","@id":"https:\/\/museedupegue.com\/#website","url":"https:\/\/museedupegue.com\/","name":"Mus\u00e9e Arch\u00e9ologique du P\u00e8gue","description":"Mus\u00e9e de site unique au monde !","publisher":{"@id":"https:\/\/museedupegue.com\/#organization"},"potentialAction":[{"@type":"SearchAction","target":{"@type":"EntryPoint","urlTemplate":"https:\/\/museedupegue.com\/?s={search_term_string}"},"query-input":{"@type":"PropertyValueSpecification","valueRequired":true,"valueName":"search_term_string"}}],"inLanguage":"fr-FR"},{"@type":"Organization","@id":"https:\/\/museedupegue.com\/#organization","name":"Mus\u00e9e Arch\u00e9ologique du P\u00e8gue","url":"https:\/\/museedupegue.com\/","logo":{"@type":"ImageObject","inLanguage":"fr-FR","@id":"https:\/\/museedupegue.com\/#\/schema\/logo\/image\/","url":"https:\/\/museedupegue.com\/wp-content\/uploads\/2022\/12\/capture-logo-1.png","contentUrl":"https:\/\/museedupegue.com\/wp-content\/uploads\/2022\/12\/capture-logo-1.png","width":314,"height":311,"caption":"Mus\u00e9e Arch\u00e9ologique du P\u00e8gue"},"image":{"@id":"https:\/\/museedupegue.com\/#\/schema\/logo\/image\/"},"sameAs":["https:\/\/www.facebook.com\/MuseeArcheologiqueLePegue","https:\/\/www.instagram.com\/museearcheologiquelepegue\/"]}]}},"_links":{"self":[{"href":"https:\/\/museedupegue.com\/index.php\/wp-json\/wp\/v2\/pages\/2","targetHints":{"allow":["GET"]}}],"collection":[{"href":"https:\/\/museedupegue.com\/index.php\/wp-json\/wp\/v2\/pages"}],"about":[{"href":"https:\/\/museedupegue.com\/index.php\/wp-json\/wp\/v2\/types\/page"}],"author":[{"embeddable":true,"href":"https:\/\/museedupegue.com\/index.php\/wp-json\/wp\/v2\/users\/1"}],"replies":[{"embeddable":true,"href":"https:\/\/museedupegue.com\/index.php\/wp-json\/wp\/v2\/comments?post=2"}],"version-history":[{"count":21,"href":"https:\/\/museedupegue.com\/index.php\/wp-json\/wp\/v2\/pages\/2\/revisions"}],"predecessor-version":[{"id":411,"href":"https:\/\/museedupegue.com\/index.php\/wp-json\/wp\/v2\/pages\/2\/revisions\/411"}],"wp:attachment":[{"href":"https:\/\/museedupegue.com\/index.php\/wp-json\/wp\/v2\/media?parent=2"}],"curies":[{"name":"wp","href":"https:\/\/api.w.org\/{rel}","templated":true}]}}