{"id":91,"date":"2023-03-08T19:04:25","date_gmt":"2023-03-08T18:04:25","guid":{"rendered":"https:\/\/museedupegue.com\/?page_id=91"},"modified":"2026-03-30T12:54:26","modified_gmt":"2026-03-30T10:54:26","slug":"une-aventure-archeologique-en-drome-provencale","status":"publish","type":"page","link":"https:\/\/museedupegue.com\/index.php\/une-aventure-archeologique-en-drome-provencale\/","title":{"rendered":"Une aventure arch\u00e9ologique en Dr\u00f4me Proven\u00e7ale"},"content":{"rendered":"\t\t<div data-elementor-type=\"wp-page\" data-elementor-id=\"91\" class=\"elementor elementor-91\">\n\t\t\t\t\t\t<section class=\"elementor-section elementor-top-section elementor-element elementor-element-273f8cd elementor-section-stretched elementor-section-boxed elementor-section-height-default elementor-section-height-default\" data-id=\"273f8cd\" data-element_type=\"section\" data-e-type=\"section\" data-settings=\"{&quot;stretch_section&quot;:&quot;section-stretched&quot;}\">\n\t\t\t\t\t\t<div class=\"elementor-container elementor-column-gap-default\">\n\t\t\t\t\t<div class=\"elementor-column elementor-col-100 elementor-top-column elementor-element elementor-element-52b5cb68\" data-id=\"52b5cb68\" data-element_type=\"column\" data-e-type=\"column\">\n\t\t\t<div class=\"elementor-widget-wrap elementor-element-populated\">\n\t\t\t\t\t\t<div class=\"elementor-element elementor-element-4edc7d7 elementor-widget elementor-widget-image\" data-id=\"4edc7d7\" data-element_type=\"widget\" data-e-type=\"widget\" data-widget_type=\"image.default\">\n\t\t\t\t<div class=\"elementor-widget-container\">\n\t\t\t\t\t\t\t\t\t\t\t\t\t\t\t<img fetchpriority=\"high\" decoding=\"async\" width=\"683\" height=\"1024\" src=\"https:\/\/museedupegue.com\/wp-content\/uploads\/2023\/07\/Livre-MAP-683x1024.png\" class=\"attachment-large size-large wp-image-148\" alt=\"\" srcset=\"https:\/\/museedupegue.com\/wp-content\/uploads\/2023\/07\/Livre-MAP-683x1024.png 683w, https:\/\/museedupegue.com\/wp-content\/uploads\/2023\/07\/Livre-MAP-200x300.png 200w, https:\/\/museedupegue.com\/wp-content\/uploads\/2023\/07\/Livre-MAP-768x1152.png 768w, https:\/\/museedupegue.com\/wp-content\/uploads\/2023\/07\/Livre-MAP.png 1000w\" sizes=\"(max-width: 683px) 100vw, 683px\" \/>\t\t\t\t\t\t\t\t\t\t\t\t\t\t\t<\/div>\n\t\t\t\t<\/div>\n\t\t\t\t<div class=\"elementor-element elementor-element-79f1f15f elementor-widget elementor-widget-text-editor\" data-id=\"79f1f15f\" data-element_type=\"widget\" data-e-type=\"widget\" data-widget_type=\"text-editor.default\">\n\t\t\t\t<div class=\"elementor-widget-container\">\n\t\t\t\t\t\t\t\t\t<p><\/p>\n<p>Cet ouvrage entend raconter l&rsquo;histoire du P\u00e8gue, de la Pr\u00e9histoire \u00e0 l&rsquo;\u00e9poque romaine, gr\u00e2ce aux objets et aux archives conserv\u00e9s au mus\u00e9e (et ailleurs), sous la plume des meilleurs sp\u00e9cialistes des c\u00e9ramiques anciennes, des monnaies, du verre, des ossements &#8230;<\/p>\n<p><\/p>\n<p>Abondamment illustr\u00e9, in\u00e9dit et synth\u00e9tique, le livre est riche d&rsquo;apports nouveaux : d\u00e9couvertes r\u00e9centes, datations, r\u00e9interpr\u00e9tations. Il est, en cela, une extension importante et une mise \u00e0 jour du pr\u00e9cieux <em>Guide des Collections<\/em> de Charles Lagrand qui date d\u00e9j\u00e0 de 1978.<\/p>\n<p><\/p>\n<p>Les auteurs esp\u00e8rent ainsi rendre hommage \u00e0 celles et ceux, nombreux, qui ont oeuvr\u00e9 pour comprendre le pass\u00e9 et le rendre pr\u00e9sent.<\/p>\n<p><\/p>\n<p><\/p>\n<p>Un livre in\u00e9dit en \u00e9dition limit\u00e9e de <strong>250<\/strong> pages pour un site d&rsquo;exception, propos\u00e9 \u00e0 la vente \u00e0 <strong>38\u20ac<\/strong>.<\/p>\n<p><\/p>\n<p>Pour en profiter, envoyez-nous par mail vos coordonn\u00e9es (<em>museedupegue26@gmail.com<\/em>) : nom, pr\u00e9nom, adresse postale, t\u00e9l\u00e9phone et mail :<br>&#8211; Si vous souhaitez retirer votre commande au mus\u00e9e, il suffit de le mentionner. <br>&#8211; Si vous souhaitez un envoi postal, ajoutez <strong>8<\/strong>\u20ac de frais de port pour un livre et <strong>2<\/strong>\u20ac par livre suppl\u00e9mentaire, \u00e0 votre total.<\/p>\n<p><\/p>\n<p>Vous pouvez-nous faire parvenir votre r\u00e8glement par <strong>ch\u00e8que<\/strong> ou <strong>virement<\/strong> <strong>bancaire<\/strong> (IBAN : FR76 1390 6001 5385 0312 2904 412)<\/p>\n<p><\/p>\t\t\t\t\t\t\t\t<\/div>\n\t\t\t\t<\/div>\n\t\t\t\t\t<\/div>\n\t\t<\/div>\n\t\t\t\t\t<\/div>\n\t\t<\/section>\n\t\t\t\t<\/div>\n\t\t","protected":false},"excerpt":{"rendered":"<p>Cet ouvrage entend raconter l&rsquo;histoire du P\u00e8gue, de la Pr\u00e9histoire \u00e0 l&rsquo;\u00e9poque romaine, gr\u00e2ce aux objets et aux archives conserv\u00e9s au mus\u00e9e (et ailleurs), sous la plume des meilleurs sp\u00e9cialistes des c\u00e9ramiques anciennes, des monnaies, du verre, des ossements &#8230; Abondamment illustr\u00e9, in\u00e9dit et synth\u00e9tique, le livre est riche d&rsquo;apports nouveaux : d\u00e9couvertes r\u00e9centes, datations, [&hellip;]<\/p>\n","protected":false},"author":1,"featured_media":0,"parent":0,"menu_order":4,"comment_status":"closed","ping_status":"closed","template":"","meta":{"_monsterinsights_skip_tracking":false,"_monsterinsights_sitenote_active":false,"_monsterinsights_sitenote_note":"","_monsterinsights_sitenote_category":0,"footnotes":""},"class_list":["post-91","page","type-page","status-publish","hentry"],"yoast_head":"<!-- This site is optimized with the Yoast SEO plugin v27.4 - https:\/\/yoast.com\/product\/yoast-seo-wordpress\/ -->\n<title>Une aventure arch\u00e9ologique en Dr\u00f4me Proven\u00e7ale - Mus\u00e9e Arch\u00e9ologique du P\u00e8gue<\/title>\n<meta name=\"robots\" content=\"index, follow, max-snippet:-1, max-image-preview:large, max-video-preview:-1\" \/>\n<link rel=\"canonical\" href=\"https:\/\/museedupegue.com\/index.php\/une-aventure-archeologique-en-drome-provencale\/\" \/>\n<meta property=\"og:locale\" content=\"fr_FR\" \/>\n<meta property=\"og:type\" content=\"article\" \/>\n<meta property=\"og:title\" content=\"Une aventure arch\u00e9ologique en Dr\u00f4me Proven\u00e7ale - Mus\u00e9e Arch\u00e9ologique du P\u00e8gue\" \/>\n<meta property=\"og:description\" content=\"Cet ouvrage entend raconter l&rsquo;histoire du P\u00e8gue, de la Pr\u00e9histoire \u00e0 l&rsquo;\u00e9poque romaine, gr\u00e2ce aux objets et aux archives conserv\u00e9s au mus\u00e9e (et ailleurs), sous la plume des meilleurs sp\u00e9cialistes des c\u00e9ramiques anciennes, des monnaies, du verre, des ossements &#8230; Abondamment illustr\u00e9, in\u00e9dit et synth\u00e9tique, le livre est riche d&rsquo;apports nouveaux : d\u00e9couvertes r\u00e9centes, datations, [&hellip;]\" \/>\n<meta property=\"og:url\" content=\"https:\/\/museedupegue.com\/index.php\/une-aventure-archeologique-en-drome-provencale\/\" \/>\n<meta property=\"og:site_name\" content=\"Mus\u00e9e Arch\u00e9ologique du P\u00e8gue\" \/>\n<meta property=\"article:publisher\" content=\"https:\/\/www.facebook.com\/MuseeArcheologiqueLePegue\" \/>\n<meta property=\"article:modified_time\" content=\"2026-03-30T10:54:26+00:00\" \/>\n<meta property=\"og:image\" content=\"https:\/\/museedupegue.com\/wp-content\/uploads\/2023\/07\/Livre-MAP.png\" \/>\n\t<meta property=\"og:image:width\" content=\"1000\" \/>\n\t<meta property=\"og:image:height\" content=\"1500\" \/>\n\t<meta property=\"og:image:type\" content=\"image\/png\" \/>\n<meta name=\"twitter:card\" content=\"summary_large_image\" \/>\n<meta name=\"twitter:label1\" content=\"Dur\u00e9e de lecture estim\u00e9e\" \/>\n\t<meta name=\"twitter:data1\" content=\"2 minutes\" \/>\n<script type=\"application\/ld+json\" class=\"yoast-schema-graph\">{\"@context\":\"https:\\\/\\\/schema.org\",\"@graph\":[{\"@type\":\"WebPage\",\"@id\":\"https:\\\/\\\/museedupegue.com\\\/index.php\\\/une-aventure-archeologique-en-drome-provencale\\\/\",\"url\":\"https:\\\/\\\/museedupegue.com\\\/index.php\\\/une-aventure-archeologique-en-drome-provencale\\\/\",\"name\":\"Une aventure arch\u00e9ologique en Dr\u00f4me Proven\u00e7ale - Mus\u00e9e Arch\u00e9ologique du P\u00e8gue\",\"isPartOf\":{\"@id\":\"https:\\\/\\\/museedupegue.com\\\/#website\"},\"primaryImageOfPage\":{\"@id\":\"https:\\\/\\\/museedupegue.com\\\/index.php\\\/une-aventure-archeologique-en-drome-provencale\\\/#primaryimage\"},\"image\":{\"@id\":\"https:\\\/\\\/museedupegue.com\\\/index.php\\\/une-aventure-archeologique-en-drome-provencale\\\/#primaryimage\"},\"thumbnailUrl\":\"https:\\\/\\\/museedupegue.com\\\/wp-content\\\/uploads\\\/2023\\\/07\\\/Livre-MAP-683x1024.png\",\"datePublished\":\"2023-03-08T18:04:25+00:00\",\"dateModified\":\"2026-03-30T10:54:26+00:00\",\"breadcrumb\":{\"@id\":\"https:\\\/\\\/museedupegue.com\\\/index.php\\\/une-aventure-archeologique-en-drome-provencale\\\/#breadcrumb\"},\"inLanguage\":\"fr-FR\",\"potentialAction\":[{\"@type\":\"ReadAction\",\"target\":[\"https:\\\/\\\/museedupegue.com\\\/index.php\\\/une-aventure-archeologique-en-drome-provencale\\\/\"]}]},{\"@type\":\"ImageObject\",\"inLanguage\":\"fr-FR\",\"@id\":\"https:\\\/\\\/museedupegue.com\\\/index.php\\\/une-aventure-archeologique-en-drome-provencale\\\/#primaryimage\",\"url\":\"https:\\\/\\\/museedupegue.com\\\/wp-content\\\/uploads\\\/2023\\\/07\\\/Livre-MAP.png\",\"contentUrl\":\"https:\\\/\\\/museedupegue.com\\\/wp-content\\\/uploads\\\/2023\\\/07\\\/Livre-MAP.png\",\"width\":1000,\"height\":1500},{\"@type\":\"BreadcrumbList\",\"@id\":\"https:\\\/\\\/museedupegue.com\\\/index.php\\\/une-aventure-archeologique-en-drome-provencale\\\/#breadcrumb\",\"itemListElement\":[{\"@type\":\"ListItem\",\"position\":1,\"name\":\"Accueil\",\"item\":\"https:\\\/\\\/museedupegue.com\\\/\"},{\"@type\":\"ListItem\",\"position\":2,\"name\":\"Une aventure arch\u00e9ologique en Dr\u00f4me Proven\u00e7ale\"}]},{\"@type\":\"WebSite\",\"@id\":\"https:\\\/\\\/museedupegue.com\\\/#website\",\"url\":\"https:\\\/\\\/museedupegue.com\\\/\",\"name\":\"Mus\u00e9e Arch\u00e9ologique du P\u00e8gue\",\"description\":\"Mus\u00e9e de site unique au monde !\",\"publisher\":{\"@id\":\"https:\\\/\\\/museedupegue.com\\\/#organization\"},\"potentialAction\":[{\"@type\":\"SearchAction\",\"target\":{\"@type\":\"EntryPoint\",\"urlTemplate\":\"https:\\\/\\\/museedupegue.com\\\/?s={search_term_string}\"},\"query-input\":{\"@type\":\"PropertyValueSpecification\",\"valueRequired\":true,\"valueName\":\"search_term_string\"}}],\"inLanguage\":\"fr-FR\"},{\"@type\":\"Organization\",\"@id\":\"https:\\\/\\\/museedupegue.com\\\/#organization\",\"name\":\"Mus\u00e9e Arch\u00e9ologique du P\u00e8gue\",\"url\":\"https:\\\/\\\/museedupegue.com\\\/\",\"logo\":{\"@type\":\"ImageObject\",\"inLanguage\":\"fr-FR\",\"@id\":\"https:\\\/\\\/museedupegue.com\\\/#\\\/schema\\\/logo\\\/image\\\/\",\"url\":\"https:\\\/\\\/museedupegue.com\\\/wp-content\\\/uploads\\\/2022\\\/12\\\/capture-logo-1.png\",\"contentUrl\":\"https:\\\/\\\/museedupegue.com\\\/wp-content\\\/uploads\\\/2022\\\/12\\\/capture-logo-1.png\",\"width\":314,\"height\":311,\"caption\":\"Mus\u00e9e Arch\u00e9ologique du P\u00e8gue\"},\"image\":{\"@id\":\"https:\\\/\\\/museedupegue.com\\\/#\\\/schema\\\/logo\\\/image\\\/\"},\"sameAs\":[\"https:\\\/\\\/www.facebook.com\\\/MuseeArcheologiqueLePegue\",\"https:\\\/\\\/www.instagram.com\\\/museearcheologiquelepegue\\\/\"]}]}<\/script>\n<!-- \/ Yoast SEO plugin. -->","yoast_head_json":{"title":"Une aventure arch\u00e9ologique en Dr\u00f4me Proven\u00e7ale - Mus\u00e9e Arch\u00e9ologique du P\u00e8gue","robots":{"index":"index","follow":"follow","max-snippet":"max-snippet:-1","max-image-preview":"max-image-preview:large","max-video-preview":"max-video-preview:-1"},"canonical":"https:\/\/museedupegue.com\/index.php\/une-aventure-archeologique-en-drome-provencale\/","og_locale":"fr_FR","og_type":"article","og_title":"Une aventure arch\u00e9ologique en Dr\u00f4me Proven\u00e7ale - Mus\u00e9e Arch\u00e9ologique du P\u00e8gue","og_description":"Cet ouvrage entend raconter l&rsquo;histoire du P\u00e8gue, de la Pr\u00e9histoire \u00e0 l&rsquo;\u00e9poque romaine, gr\u00e2ce aux objets et aux archives conserv\u00e9s au mus\u00e9e (et ailleurs), sous la plume des meilleurs sp\u00e9cialistes des c\u00e9ramiques anciennes, des monnaies, du verre, des ossements &#8230; Abondamment illustr\u00e9, in\u00e9dit et synth\u00e9tique, le livre est riche d&rsquo;apports nouveaux : d\u00e9couvertes r\u00e9centes, datations, [&hellip;]","og_url":"https:\/\/museedupegue.com\/index.php\/une-aventure-archeologique-en-drome-provencale\/","og_site_name":"Mus\u00e9e Arch\u00e9ologique du P\u00e8gue","article_publisher":"https:\/\/www.facebook.com\/MuseeArcheologiqueLePegue","article_modified_time":"2026-03-30T10:54:26+00:00","og_image":[{"width":1000,"height":1500,"url":"https:\/\/museedupegue.com\/wp-content\/uploads\/2023\/07\/Livre-MAP.png","type":"image\/png"}],"twitter_card":"summary_large_image","twitter_misc":{"Dur\u00e9e de lecture estim\u00e9e":"2 minutes"},"schema":{"@context":"https:\/\/schema.org","@graph":[{"@type":"WebPage","@id":"https:\/\/museedupegue.com\/index.php\/une-aventure-archeologique-en-drome-provencale\/","url":"https:\/\/museedupegue.com\/index.php\/une-aventure-archeologique-en-drome-provencale\/","name":"Une aventure arch\u00e9ologique en Dr\u00f4me Proven\u00e7ale - Mus\u00e9e Arch\u00e9ologique du P\u00e8gue","isPartOf":{"@id":"https:\/\/museedupegue.com\/#website"},"primaryImageOfPage":{"@id":"https:\/\/museedupegue.com\/index.php\/une-aventure-archeologique-en-drome-provencale\/#primaryimage"},"image":{"@id":"https:\/\/museedupegue.com\/index.php\/une-aventure-archeologique-en-drome-provencale\/#primaryimage"},"thumbnailUrl":"https:\/\/museedupegue.com\/wp-content\/uploads\/2023\/07\/Livre-MAP-683x1024.png","datePublished":"2023-03-08T18:04:25+00:00","dateModified":"2026-03-30T10:54:26+00:00","breadcrumb":{"@id":"https:\/\/museedupegue.com\/index.php\/une-aventure-archeologique-en-drome-provencale\/#breadcrumb"},"inLanguage":"fr-FR","potentialAction":[{"@type":"ReadAction","target":["https:\/\/museedupegue.com\/index.php\/une-aventure-archeologique-en-drome-provencale\/"]}]},{"@type":"ImageObject","inLanguage":"fr-FR","@id":"https:\/\/museedupegue.com\/index.php\/une-aventure-archeologique-en-drome-provencale\/#primaryimage","url":"https:\/\/museedupegue.com\/wp-content\/uploads\/2023\/07\/Livre-MAP.png","contentUrl":"https:\/\/museedupegue.com\/wp-content\/uploads\/2023\/07\/Livre-MAP.png","width":1000,"height":1500},{"@type":"BreadcrumbList","@id":"https:\/\/museedupegue.com\/index.php\/une-aventure-archeologique-en-drome-provencale\/#breadcrumb","itemListElement":[{"@type":"ListItem","position":1,"name":"Accueil","item":"https:\/\/museedupegue.com\/"},{"@type":"ListItem","position":2,"name":"Une aventure arch\u00e9ologique en Dr\u00f4me Proven\u00e7ale"}]},{"@type":"WebSite","@id":"https:\/\/museedupegue.com\/#website","url":"https:\/\/museedupegue.com\/","name":"Mus\u00e9e Arch\u00e9ologique du P\u00e8gue","description":"Mus\u00e9e de site unique au monde !","publisher":{"@id":"https:\/\/museedupegue.com\/#organization"},"potentialAction":[{"@type":"SearchAction","target":{"@type":"EntryPoint","urlTemplate":"https:\/\/museedupegue.com\/?s={search_term_string}"},"query-input":{"@type":"PropertyValueSpecification","valueRequired":true,"valueName":"search_term_string"}}],"inLanguage":"fr-FR"},{"@type":"Organization","@id":"https:\/\/museedupegue.com\/#organization","name":"Mus\u00e9e Arch\u00e9ologique du P\u00e8gue","url":"https:\/\/museedupegue.com\/","logo":{"@type":"ImageObject","inLanguage":"fr-FR","@id":"https:\/\/museedupegue.com\/#\/schema\/logo\/image\/","url":"https:\/\/museedupegue.com\/wp-content\/uploads\/2022\/12\/capture-logo-1.png","contentUrl":"https:\/\/museedupegue.com\/wp-content\/uploads\/2022\/12\/capture-logo-1.png","width":314,"height":311,"caption":"Mus\u00e9e Arch\u00e9ologique du P\u00e8gue"},"image":{"@id":"https:\/\/museedupegue.com\/#\/schema\/logo\/image\/"},"sameAs":["https:\/\/www.facebook.com\/MuseeArcheologiqueLePegue","https:\/\/www.instagram.com\/museearcheologiquelepegue\/"]}]}},"_links":{"self":[{"href":"https:\/\/museedupegue.com\/index.php\/wp-json\/wp\/v2\/pages\/91","targetHints":{"allow":["GET"]}}],"collection":[{"href":"https:\/\/museedupegue.com\/index.php\/wp-json\/wp\/v2\/pages"}],"about":[{"href":"https:\/\/museedupegue.com\/index.php\/wp-json\/wp\/v2\/types\/page"}],"author":[{"embeddable":true,"href":"https:\/\/museedupegue.com\/index.php\/wp-json\/wp\/v2\/users\/1"}],"replies":[{"embeddable":true,"href":"https:\/\/museedupegue.com\/index.php\/wp-json\/wp\/v2\/comments?post=91"}],"version-history":[{"count":39,"href":"https:\/\/museedupegue.com\/index.php\/wp-json\/wp\/v2\/pages\/91\/revisions"}],"predecessor-version":[{"id":523,"href":"https:\/\/museedupegue.com\/index.php\/wp-json\/wp\/v2\/pages\/91\/revisions\/523"}],"wp:attachment":[{"href":"https:\/\/museedupegue.com\/index.php\/wp-json\/wp\/v2\/media?parent=91"}],"curies":[{"name":"wp","href":"https:\/\/api.w.org\/{rel}","templated":true}]}}